{"id":222,"date":"2016-08-25T21:46:58","date_gmt":"2016-08-25T21:46:58","guid":{"rendered":"https:\/\/www.oscillo.ca\/?page_id=222&#038;lang=fr"},"modified":"2017-02-11T00:18:21","modified_gmt":"2017-02-11T00:18:21","slug":"education-et-formation","status":"publish","type":"page","link":"https:\/\/www.oscillo.ca\/fr\/education-et-formation\/","title":{"rendered":"\u00c9ducation et formation"},"content":{"rendered":"<div class=\"wpb-content-wrapper\">[vc_row][vc_column][vc_column_text]\n<h2><span style=\"color: #ff6600;\"><strong>L&rsquo;histoire Boiron<\/strong><\/span><\/h2>\n<p>En 1932, les fr\u00e8res jumeaux et pharmaciens Jean et Henri Boiron furent appel\u00e9s \u00e0 r\u00e9pondre \u00e0 la demande croissante des m\u00e9decins et pharmaciens souhaitant b\u00e9n\u00e9ficier de m\u00e9dicaments hom\u00e9opathiques fiables pour leurs patients.<\/p>\n<p>Avec plus de 80 ans d&rsquo;exp\u00e9rience dans la fabrication de m\u00e9dicaments hom\u00e9opathiques, Boiron est fier de fournir aux Canadiens des m\u00e9dicaments \u00ab\u00a0aussi purs et parfaits que possible.\u201d<\/p>\n<p>Chaque jour, nous mettons notre passion et notre expertise des m\u00e9dicaments hom\u00e9opathiques au service des praticiens de la sant\u00e9 et des patients. 3 600 personnes constituent aujourd\u2019hui l&rsquo;\u00e9quipe Boiron, avec 20 filiales \u00e0 l\u2019\u00e9tranger, 4 sites de production et une distribution dans 50 pays. Avec une pr\u00e9sence au Canada depuis plus de 27 ans, Boiron \u00a0est fier d&rsquo;offrir aux Canadiens des solutions simples et efficaces en autom\u00e9dication. Vous pouvez compter sur les m\u00e9dicaments Boiron pour toute votre famille, des nouveaux-n\u00e9s aux personnes \u00e2g\u00e9es.<\/p>\n<h2><b><span style=\"color: #ff6600;\">\u00c0 la d\u00e9couverte d&rsquo;Oscillococcinum <\/span><br \/>\n<iframe loading=\"lazy\" src=\"\/\/e.issuu.com\/embed.html#14084943\/40576423\" width=\"525\" height=\"203\" frameborder=\"0\" allowfullscreen=\"allowfullscreen\"><\/iframe><\/b><\/h2>\n[\/vc_column_text][\/vc_column][\/vc_row]\n<\/div>","protected":false},"excerpt":{"rendered":"<p>[vc_row][vc_column][vc_column_text] L&rsquo;histoire Boiron En 1932, les fr\u00e8res jumeaux et pharmaciens Jean et Henri Boiron furent appel\u00e9s \u00e0 r\u00e9pondre \u00e0 la [&hellip;]<\/p>\n","protected":false},"author":1,"featured_media":0,"parent":0,"menu_order":0,"comment_status":"closed","ping_status":"closed","template":"","meta":{"footnotes":""},"class_list":["post-222","page","type-page","status-publish","hentry"],"aioseo_notices":[],"_links":{"self":[{"href":"https:\/\/www.oscillo.ca\/fr\/wp-json\/wp\/v2\/pages\/222","targetHints":{"allow":["GET"]}}],"collection":[{"href":"https:\/\/www.oscillo.ca\/fr\/wp-json\/wp\/v2\/pages"}],"about":[{"href":"https:\/\/www.oscillo.ca\/fr\/wp-json\/wp\/v2\/types\/page"}],"author":[{"embeddable":true,"href":"https:\/\/www.oscillo.ca\/fr\/wp-json\/wp\/v2\/users\/1"}],"replies":[{"embeddable":true,"href":"https:\/\/www.oscillo.ca\/fr\/wp-json\/wp\/v2\/comments?post=222"}],"version-history":[{"count":9,"href":"https:\/\/www.oscillo.ca\/fr\/wp-json\/wp\/v2\/pages\/222\/revisions"}],"predecessor-version":[{"id":1000,"href":"https:\/\/www.oscillo.ca\/fr\/wp-json\/wp\/v2\/pages\/222\/revisions\/1000"}],"wp:attachment":[{"href":"https:\/\/www.oscillo.ca\/fr\/wp-json\/wp\/v2\/media?parent=222"}],"curies":[{"name":"wp","href":"https:\/\/api.w.org\/{rel}","templated":true}]}}